{"id":7,"date":"2017-08-22T16:11:40","date_gmt":"2017-08-22T14:11:40","guid":{"rendered":"https:\/\/hotelrivierastrand.se\/torekov\/?page_id=7"},"modified":"2026-04-08T10:09:02","modified_gmt":"2026-04-08T08:09:02","slug":"start","status":"publish","type":"page","link":"https:\/\/torekovhotell.se\/en\/","title":{"rendered":"Start"},"content":{"rendered":"","protected":false},"excerpt":{"rendered":"","protected":false},"author":1,"featured_media":0,"parent":0,"menu_order":0,"comment_status":"closed","ping_status":"closed","template":"","meta":{"_acf_changed":false,"_relevanssi_hide_post":"","_relevanssi_pin_for_all":"","_relevanssi_pin_keywords":"","_relevanssi_unpin_keywords":"","_relevanssi_related_keywords":"","_relevanssi_related_include_ids":"","_relevanssi_related_exclude_ids":"","_relevanssi_related_no_append":"","_relevanssi_related_not_related":"","_relevanssi_related_posts":"","_relevanssi_noindex_reason":"","footnotes":""},"class_list":["post-7","page","type-page","status-publish","hentry"],"acf":[],"yoast_head":"<!-- This site is optimized with the Yoast SEO plugin v24.2 - https:\/\/yoast.com\/wordpress\/plugins\/seo\/ -->\n<title>Conference, spa, and weekend close to nature in Sk\u00e5ne - Torekov Hotel<\/title>\n<meta name=\"description\" content=\"Enjoy Torekov Hotel on the Bj\u00e4re Peninsula in Sk\u00e5ne. Close to nature, the finest ingredients and gourmet food. Book a conference or a relaxing spa weekend.\" \/>\n<meta name=\"robots\" content=\"index, follow, max-snippet:-1, max-image-preview:large, max-video-preview:-1\" \/>\n<link rel=\"canonical\" href=\"https:\/\/torekovhotell.se\/en\/\" \/>\n<meta property=\"og:locale\" content=\"sv_SE\" \/>\n<meta property=\"og:type\" content=\"article\" \/>\n<meta property=\"og:title\" content=\"Conference, spa, and weekend close to nature in Sk\u00e5ne - Torekov Hotel\" \/>\n<meta property=\"og:description\" content=\"Enjoy Torekov Hotel on the Bj\u00e4re Peninsula in Sk\u00e5ne. Close to nature, the finest ingredients and gourmet food. Book a conference or a relaxing spa weekend.\" \/>\n<meta property=\"og:url\" content=\"https:\/\/torekovhotell.se\/en\/\" \/>\n<meta property=\"og:site_name\" content=\"Torekov Hotell\" \/>\n<meta property=\"article:modified_time\" content=\"2026-04-08T08:09:02+00:00\" \/>\n<meta name=\"twitter:card\" content=\"summary_large_image\" \/>\n<script type=\"application\/ld+json\" class=\"yoast-schema-graph\">{\"@context\":\"https:\/\/schema.org\",\"@graph\":[{\"@type\":\"WebPage\",\"@id\":\"https:\/\/torekovhotell.se\/en\/\",\"url\":\"https:\/\/torekovhotell.se\/en\/\",\"name\":\"Conference, spa, and weekend close to nature in Sk\u00e5ne - Torekov Hotel\",\"isPartOf\":{\"@id\":\"https:\/\/torekovhotell.se\/en\/#website\"},\"datePublished\":\"2017-08-22T14:11:40+00:00\",\"dateModified\":\"2026-04-08T08:09:02+00:00\",\"description\":\"Enjoy Torekov Hotel on the Bj\u00e4re Peninsula in Sk\u00e5ne. Close to nature, the finest ingredients and gourmet food. Book a conference or a relaxing spa weekend.\",\"breadcrumb\":{\"@id\":\"https:\/\/torekovhotell.se\/en\/#breadcrumb\"},\"inLanguage\":\"sv-SE\",\"potentialAction\":[{\"@type\":\"ReadAction\",\"target\":[\"https:\/\/torekovhotell.se\/en\/\"]}]},{\"@type\":\"BreadcrumbList\",\"@id\":\"https:\/\/torekovhotell.se\/en\/#breadcrumb\",\"itemListElement\":[{\"@type\":\"ListItem\",\"position\":1,\"name\":\"Home\",\"item\":\"https:\/\/torekovhotell.se\/en\/\"},{\"@type\":\"ListItem\",\"position\":2,\"name\":\"Start\"}]},{\"@type\":\"WebSite\",\"@id\":\"https:\/\/torekovhotell.se\/en\/#website\",\"url\":\"https:\/\/torekovhotell.se\/en\/\",\"name\":\"Torekov Hotell\",\"description\":\"\",\"potentialAction\":[{\"@type\":\"SearchAction\",\"target\":{\"@type\":\"EntryPoint\",\"urlTemplate\":\"https:\/\/torekovhotell.se\/en\/?s={search_term_string}\"},\"query-input\":{\"@type\":\"PropertyValueSpecification\",\"valueRequired\":true,\"valueName\":\"search_term_string\"}}],\"inLanguage\":\"sv-SE\"}]}<\/script>\n<!-- \/ Yoast SEO plugin. -->","yoast_head_json":{"title":"Conference, spa, and weekend close to nature in Sk\u00e5ne - Torekov Hotel","description":"Enjoy Torekov Hotel on the Bj\u00e4re Peninsula in Sk\u00e5ne. Close to nature, the finest ingredients and gourmet food. Book a conference or a relaxing spa weekend.","robots":{"index":"index","follow":"follow","max-snippet":"max-snippet:-1","max-image-preview":"max-image-preview:large","max-video-preview":"max-video-preview:-1"},"canonical":"https:\/\/torekovhotell.se\/en\/","og_locale":"sv_SE","og_type":"article","og_title":"Conference, spa, and weekend close to nature in Sk\u00e5ne - Torekov Hotel","og_description":"Enjoy Torekov Hotel on the Bj\u00e4re Peninsula in Sk\u00e5ne. Close to nature, the finest ingredients and gourmet food. Book a conference or a relaxing spa weekend.","og_url":"https:\/\/torekovhotell.se\/en\/","og_site_name":"Torekov Hotell","article_modified_time":"2026-04-08T08:09:02+00:00","twitter_card":"summary_large_image","schema":{"@context":"https:\/\/schema.org","@graph":[{"@type":"WebPage","@id":"https:\/\/torekovhotell.se\/en\/","url":"https:\/\/torekovhotell.se\/en\/","name":"Conference, spa, and weekend close to nature in Sk\u00e5ne - Torekov Hotel","isPartOf":{"@id":"https:\/\/torekovhotell.se\/en\/#website"},"datePublished":"2017-08-22T14:11:40+00:00","dateModified":"2026-04-08T08:09:02+00:00","description":"Enjoy Torekov Hotel on the Bj\u00e4re Peninsula in Sk\u00e5ne. Close to nature, the finest ingredients and gourmet food. Book a conference or a relaxing spa weekend.","breadcrumb":{"@id":"https:\/\/torekovhotell.se\/en\/#breadcrumb"},"inLanguage":"sv-SE","potentialAction":[{"@type":"ReadAction","target":["https:\/\/torekovhotell.se\/en\/"]}]},{"@type":"BreadcrumbList","@id":"https:\/\/torekovhotell.se\/en\/#breadcrumb","itemListElement":[{"@type":"ListItem","position":1,"name":"Home","item":"https:\/\/torekovhotell.se\/en\/"},{"@type":"ListItem","position":2,"name":"Start"}]},{"@type":"WebSite","@id":"https:\/\/torekovhotell.se\/en\/#website","url":"https:\/\/torekovhotell.se\/en\/","name":"Torekov Hotell","description":"","potentialAction":[{"@type":"SearchAction","target":{"@type":"EntryPoint","urlTemplate":"https:\/\/torekovhotell.se\/en\/?s={search_term_string}"},"query-input":{"@type":"PropertyValueSpecification","valueRequired":true,"valueName":"search_term_string"}}],"inLanguage":"sv-SE"}]}},"_links":{"self":[{"href":"https:\/\/torekovhotell.se\/en\/wp-json\/wp\/v2\/pages\/7","targetHints":{"allow":["GET"]}}],"collection":[{"href":"https:\/\/torekovhotell.se\/en\/wp-json\/wp\/v2\/pages"}],"about":[{"href":"https:\/\/torekovhotell.se\/en\/wp-json\/wp\/v2\/types\/page"}],"author":[{"embeddable":true,"href":"https:\/\/torekovhotell.se\/en\/wp-json\/wp\/v2\/users\/1"}],"replies":[{"embeddable":true,"href":"https:\/\/torekovhotell.se\/en\/wp-json\/wp\/v2\/comments?post=7"}],"version-history":[{"count":13,"href":"https:\/\/torekovhotell.se\/en\/wp-json\/wp\/v2\/pages\/7\/revisions"}],"predecessor-version":[{"id":4727,"href":"https:\/\/torekovhotell.se\/en\/wp-json\/wp\/v2\/pages\/7\/revisions\/4727"}],"wp:attachment":[{"href":"https:\/\/torekovhotell.se\/en\/wp-json\/wp\/v2\/media?parent=7"}],"curies":[{"name":"wp","href":"https:\/\/api.w.org\/{rel}","templated":true}]}}