{"id":589,"date":"2017-10-19T08:17:50","date_gmt":"2017-10-19T06:17:50","guid":{"rendered":"https:\/\/hotelrivierastrand.se\/torekov\/?page_id=589"},"modified":"2017-12-07T17:46:56","modified_gmt":"2017-12-07T15:46:56","slug":"barnens-hotell","status":"publish","type":"page","link":"https:\/\/torekovhotell.se\/en\/about\/barnens-hotell\/","title":{"rendered":"Barnens hotell"},"content":{"rendered":"","protected":false},"excerpt":{"rendered":"","protected":false},"author":3,"featured_media":0,"parent":367,"menu_order":2,"comment_status":"closed","ping_status":"closed","template":"","meta":{"_acf_changed":false,"_relevanssi_hide_post":"","_relevanssi_pin_for_all":"","_relevanssi_pin_keywords":"","_relevanssi_unpin_keywords":"","_relevanssi_related_keywords":"","_relevanssi_related_include_ids":"","_relevanssi_related_exclude_ids":"","_relevanssi_related_no_append":"","_relevanssi_related_not_related":"","_relevanssi_related_posts":"","_relevanssi_noindex_reason":"","footnotes":""},"class_list":["post-589","page","type-page","status-publish","hentry"],"acf":[],"yoast_head":"<!-- This site is optimized with the Yoast SEO plugin v24.2 - https:\/\/yoast.com\/wordpress\/plugins\/seo\/ -->\n<title>F\u00f6r barnen \u2013 Hotel Riviera Strand B\u00e5stad<\/title>\n<meta name=\"description\" content=\"V\u00e4lkommen till ett riktigt familjehotell, d\u00e4r barnen har plats att vara barn. Bo p\u00e5 Hotel Riviera Strand, precis vid stranden i B\u00e5stad i Sk\u00e5ne.\" \/>\n<meta name=\"robots\" content=\"index, follow, max-snippet:-1, max-image-preview:large, max-video-preview:-1\" \/>\n<link rel=\"canonical\" href=\"https:\/\/torekovhotell.se\/en\/about\/barnens-hotell\/\" \/>\n<meta property=\"og:locale\" content=\"sv_SE\" \/>\n<meta property=\"og:type\" content=\"article\" \/>\n<meta property=\"og:title\" content=\"F\u00f6r barnen \u2013 Hotel Riviera Strand B\u00e5stad\" \/>\n<meta property=\"og:description\" content=\"V\u00e4lkommen till ett riktigt familjehotell, d\u00e4r barnen har plats att vara barn. Bo p\u00e5 Hotel Riviera Strand, precis vid stranden i B\u00e5stad i Sk\u00e5ne.\" \/>\n<meta property=\"og:url\" content=\"https:\/\/torekovhotell.se\/en\/about\/barnens-hotell\/\" \/>\n<meta property=\"og:site_name\" content=\"Torekov Hotell\" \/>\n<meta property=\"article:modified_time\" content=\"2017-12-07T15:46:56+00:00\" \/>\n<meta name=\"twitter:card\" content=\"summary_large_image\" \/>\n<script type=\"application\/ld+json\" class=\"yoast-schema-graph\">{\"@context\":\"https:\/\/schema.org\",\"@graph\":[{\"@type\":\"WebPage\",\"@id\":\"https:\/\/torekovhotell.se\/en\/about\/barnens-hotell\/\",\"url\":\"https:\/\/torekovhotell.se\/en\/about\/barnens-hotell\/\",\"name\":\"F\u00f6r barnen \u2013 Hotel Riviera Strand B\u00e5stad\",\"isPartOf\":{\"@id\":\"https:\/\/torekovhotell.se\/en\/#website\"},\"datePublished\":\"2017-10-19T06:17:50+00:00\",\"dateModified\":\"2017-12-07T15:46:56+00:00\",\"description\":\"V\u00e4lkommen till ett riktigt familjehotell, d\u00e4r barnen har plats att vara barn. Bo p\u00e5 Hotel Riviera Strand, precis vid stranden i B\u00e5stad i Sk\u00e5ne.\",\"breadcrumb\":{\"@id\":\"https:\/\/torekovhotell.se\/en\/about\/barnens-hotell\/#breadcrumb\"},\"inLanguage\":\"sv-SE\",\"potentialAction\":[{\"@type\":\"ReadAction\",\"target\":[\"https:\/\/torekovhotell.se\/en\/about\/barnens-hotell\/\"]}]},{\"@type\":\"BreadcrumbList\",\"@id\":\"https:\/\/torekovhotell.se\/en\/about\/barnens-hotell\/#breadcrumb\",\"itemListElement\":[{\"@type\":\"ListItem\",\"position\":1,\"name\":\"Home\",\"item\":\"https:\/\/torekovhotell.se\/en\/\"},{\"@type\":\"ListItem\",\"position\":2,\"name\":\"About the hotel\",\"item\":\"https:\/\/torekovhotell.se\/en\/about\/\"},{\"@type\":\"ListItem\",\"position\":3,\"name\":\"Barnens hotell\"}]},{\"@type\":\"WebSite\",\"@id\":\"https:\/\/torekovhotell.se\/en\/#website\",\"url\":\"https:\/\/torekovhotell.se\/en\/\",\"name\":\"Torekov Hotell\",\"description\":\"\",\"potentialAction\":[{\"@type\":\"SearchAction\",\"target\":{\"@type\":\"EntryPoint\",\"urlTemplate\":\"https:\/\/torekovhotell.se\/en\/?s={search_term_string}\"},\"query-input\":{\"@type\":\"PropertyValueSpecification\",\"valueRequired\":true,\"valueName\":\"search_term_string\"}}],\"inLanguage\":\"sv-SE\"}]}<\/script>\n<!-- \/ Yoast SEO plugin. -->","yoast_head_json":{"title":"F\u00f6r barnen \u2013 Hotel Riviera Strand B\u00e5stad","description":"V\u00e4lkommen till ett riktigt familjehotell, d\u00e4r barnen har plats att vara barn. Bo p\u00e5 Hotel Riviera Strand, precis vid stranden i B\u00e5stad i Sk\u00e5ne.","robots":{"index":"index","follow":"follow","max-snippet":"max-snippet:-1","max-image-preview":"max-image-preview:large","max-video-preview":"max-video-preview:-1"},"canonical":"https:\/\/torekovhotell.se\/en\/about\/barnens-hotell\/","og_locale":"sv_SE","og_type":"article","og_title":"F\u00f6r barnen \u2013 Hotel Riviera Strand B\u00e5stad","og_description":"V\u00e4lkommen till ett riktigt familjehotell, d\u00e4r barnen har plats att vara barn. Bo p\u00e5 Hotel Riviera Strand, precis vid stranden i B\u00e5stad i Sk\u00e5ne.","og_url":"https:\/\/torekovhotell.se\/en\/about\/barnens-hotell\/","og_site_name":"Torekov Hotell","article_modified_time":"2017-12-07T15:46:56+00:00","twitter_card":"summary_large_image","schema":{"@context":"https:\/\/schema.org","@graph":[{"@type":"WebPage","@id":"https:\/\/torekovhotell.se\/en\/about\/barnens-hotell\/","url":"https:\/\/torekovhotell.se\/en\/about\/barnens-hotell\/","name":"F\u00f6r barnen \u2013 Hotel Riviera Strand B\u00e5stad","isPartOf":{"@id":"https:\/\/torekovhotell.se\/en\/#website"},"datePublished":"2017-10-19T06:17:50+00:00","dateModified":"2017-12-07T15:46:56+00:00","description":"V\u00e4lkommen till ett riktigt familjehotell, d\u00e4r barnen har plats att vara barn. Bo p\u00e5 Hotel Riviera Strand, precis vid stranden i B\u00e5stad i Sk\u00e5ne.","breadcrumb":{"@id":"https:\/\/torekovhotell.se\/en\/about\/barnens-hotell\/#breadcrumb"},"inLanguage":"sv-SE","potentialAction":[{"@type":"ReadAction","target":["https:\/\/torekovhotell.se\/en\/about\/barnens-hotell\/"]}]},{"@type":"BreadcrumbList","@id":"https:\/\/torekovhotell.se\/en\/about\/barnens-hotell\/#breadcrumb","itemListElement":[{"@type":"ListItem","position":1,"name":"Home","item":"https:\/\/torekovhotell.se\/en\/"},{"@type":"ListItem","position":2,"name":"About the hotel","item":"https:\/\/torekovhotell.se\/en\/about\/"},{"@type":"ListItem","position":3,"name":"Barnens hotell"}]},{"@type":"WebSite","@id":"https:\/\/torekovhotell.se\/en\/#website","url":"https:\/\/torekovhotell.se\/en\/","name":"Torekov Hotell","description":"","potentialAction":[{"@type":"SearchAction","target":{"@type":"EntryPoint","urlTemplate":"https:\/\/torekovhotell.se\/en\/?s={search_term_string}"},"query-input":{"@type":"PropertyValueSpecification","valueRequired":true,"valueName":"search_term_string"}}],"inLanguage":"sv-SE"}]}},"_links":{"self":[{"href":"https:\/\/torekovhotell.se\/en\/wp-json\/wp\/v2\/pages\/589","targetHints":{"allow":["GET"]}}],"collection":[{"href":"https:\/\/torekovhotell.se\/en\/wp-json\/wp\/v2\/pages"}],"about":[{"href":"https:\/\/torekovhotell.se\/en\/wp-json\/wp\/v2\/types\/page"}],"author":[{"embeddable":true,"href":"https:\/\/torekovhotell.se\/en\/wp-json\/wp\/v2\/users\/3"}],"replies":[{"embeddable":true,"href":"https:\/\/torekovhotell.se\/en\/wp-json\/wp\/v2\/comments?post=589"}],"version-history":[{"count":10,"href":"https:\/\/torekovhotell.se\/en\/wp-json\/wp\/v2\/pages\/589\/revisions"}],"predecessor-version":[{"id":1480,"href":"https:\/\/torekovhotell.se\/en\/wp-json\/wp\/v2\/pages\/589\/revisions\/1480"}],"up":[{"embeddable":true,"href":"https:\/\/torekovhotell.se\/en\/wp-json\/wp\/v2\/pages\/367"}],"wp:attachment":[{"href":"https:\/\/torekovhotell.se\/en\/wp-json\/wp\/v2\/media?parent=589"}],"curies":[{"name":"wp","href":"https:\/\/api.w.org\/{rel}","templated":true}]}}