{"id":4089,"date":"2023-07-26T11:38:38","date_gmt":"2023-07-26T09:38:38","guid":{"rendered":"https:\/\/torekovhotell.se\/dk\/?page_id=4089"},"modified":"2023-07-26T14:23:18","modified_gmt":"2023-07-26T12:23:18","slug":"hotelpakker","status":"publish","type":"page","link":"https:\/\/torekovhotell.se\/dk\/hotelpakker\/","title":{"rendered":"Hotelpakker"},"content":{"rendered":"","protected":false},"excerpt":{"rendered":"","protected":false},"author":48,"featured_media":0,"parent":0,"menu_order":0,"comment_status":"closed","ping_status":"closed","template":"","meta":{"_acf_changed":false,"_relevanssi_hide_post":"","_relevanssi_pin_for_all":"","_relevanssi_pin_keywords":"","_relevanssi_unpin_keywords":"","_relevanssi_related_keywords":"","_relevanssi_related_include_ids":"","_relevanssi_related_exclude_ids":"","_relevanssi_related_no_append":"","_relevanssi_related_not_related":"","_relevanssi_related_posts":"","_relevanssi_noindex_reason":"","footnotes":""},"class_list":["post-4089","page","type-page","status-publish","hentry"],"acf":[],"yoast_head":"<!-- This site is optimized with the Yoast SEO plugin v24.2 - https:\/\/yoast.com\/wordpress\/plugins\/seo\/ -->\n<title>Tilbud og pakker med golf, spa, tr\u00e6ning og mad - Torekov Hotell i Sk\u00e5ne<\/title>\n<meta name=\"description\" content=\"Book et tilbud eller v\u00e6lg blandt vores pakker med spa, tr\u00e6ning, mad og aktiviteter. Bo p\u00e5 Torekov Hotell t\u00e6t p\u00e5 havet p\u00e5 Bj\u00e4rehalv\u00f8en i Sk\u00e5ne.\" \/>\n<meta name=\"robots\" content=\"index, follow, max-snippet:-1, max-image-preview:large, max-video-preview:-1\" \/>\n<link rel=\"canonical\" href=\"https:\/\/torekovhotell.se\/dk\/hotelpakker\/\" \/>\n<meta property=\"og:locale\" content=\"sv_SE\" \/>\n<meta property=\"og:type\" content=\"article\" \/>\n<meta property=\"og:title\" content=\"Tilbud og pakker med golf, spa, tr\u00e6ning og mad - Torekov Hotell i Sk\u00e5ne\" \/>\n<meta property=\"og:description\" content=\"Book et tilbud eller v\u00e6lg blandt vores pakker med spa, tr\u00e6ning, mad og aktiviteter. Bo p\u00e5 Torekov Hotell t\u00e6t p\u00e5 havet p\u00e5 Bj\u00e4rehalv\u00f8en i Sk\u00e5ne.\" \/>\n<meta property=\"og:url\" content=\"https:\/\/torekovhotell.se\/dk\/hotelpakker\/\" \/>\n<meta property=\"og:site_name\" content=\"Torekov Hotell\" \/>\n<meta property=\"article:modified_time\" content=\"2023-07-26T12:23:18+00:00\" \/>\n<meta name=\"twitter:card\" content=\"summary_large_image\" \/>\n<script type=\"application\/ld+json\" class=\"yoast-schema-graph\">{\"@context\":\"https:\/\/schema.org\",\"@graph\":[{\"@type\":\"WebPage\",\"@id\":\"https:\/\/torekovhotell.se\/dk\/hotelpakker\/\",\"url\":\"https:\/\/torekovhotell.se\/dk\/hotelpakker\/\",\"name\":\"Tilbud og pakker med golf, spa, tr\u00e6ning og mad - Torekov Hotell i Sk\u00e5ne\",\"isPartOf\":{\"@id\":\"https:\/\/torekovhotell.se\/dk\/#website\"},\"datePublished\":\"2023-07-26T09:38:38+00:00\",\"dateModified\":\"2023-07-26T12:23:18+00:00\",\"description\":\"Book et tilbud eller v\u00e6lg blandt vores pakker med spa, tr\u00e6ning, mad og aktiviteter. Bo p\u00e5 Torekov Hotell t\u00e6t p\u00e5 havet p\u00e5 Bj\u00e4rehalv\u00f8en i Sk\u00e5ne.\",\"breadcrumb\":{\"@id\":\"https:\/\/torekovhotell.se\/dk\/hotelpakker\/#breadcrumb\"},\"inLanguage\":\"sv-SE\",\"potentialAction\":[{\"@type\":\"ReadAction\",\"target\":[\"https:\/\/torekovhotell.se\/dk\/hotelpakker\/\"]}]},{\"@type\":\"BreadcrumbList\",\"@id\":\"https:\/\/torekovhotell.se\/dk\/hotelpakker\/#breadcrumb\",\"itemListElement\":[{\"@type\":\"ListItem\",\"position\":1,\"name\":\"Home\",\"item\":\"https:\/\/torekovhotell.se\/dk\/\"},{\"@type\":\"ListItem\",\"position\":2,\"name\":\"Hotelpakker\"}]},{\"@type\":\"WebSite\",\"@id\":\"https:\/\/torekovhotell.se\/dk\/#website\",\"url\":\"https:\/\/torekovhotell.se\/dk\/\",\"name\":\"Torekov Hotell\",\"description\":\"\",\"potentialAction\":[{\"@type\":\"SearchAction\",\"target\":{\"@type\":\"EntryPoint\",\"urlTemplate\":\"https:\/\/torekovhotell.se\/dk\/?s={search_term_string}\"},\"query-input\":{\"@type\":\"PropertyValueSpecification\",\"valueRequired\":true,\"valueName\":\"search_term_string\"}}],\"inLanguage\":\"sv-SE\"}]}<\/script>\n<!-- \/ Yoast SEO plugin. -->","yoast_head_json":{"title":"Tilbud og pakker med golf, spa, tr\u00e6ning og mad - Torekov Hotell i Sk\u00e5ne","description":"Book et tilbud eller v\u00e6lg blandt vores pakker med spa, tr\u00e6ning, mad og aktiviteter. Bo p\u00e5 Torekov Hotell t\u00e6t p\u00e5 havet p\u00e5 Bj\u00e4rehalv\u00f8en i Sk\u00e5ne.","robots":{"index":"index","follow":"follow","max-snippet":"max-snippet:-1","max-image-preview":"max-image-preview:large","max-video-preview":"max-video-preview:-1"},"canonical":"https:\/\/torekovhotell.se\/dk\/hotelpakker\/","og_locale":"sv_SE","og_type":"article","og_title":"Tilbud og pakker med golf, spa, tr\u00e6ning og mad - Torekov Hotell i Sk\u00e5ne","og_description":"Book et tilbud eller v\u00e6lg blandt vores pakker med spa, tr\u00e6ning, mad og aktiviteter. Bo p\u00e5 Torekov Hotell t\u00e6t p\u00e5 havet p\u00e5 Bj\u00e4rehalv\u00f8en i Sk\u00e5ne.","og_url":"https:\/\/torekovhotell.se\/dk\/hotelpakker\/","og_site_name":"Torekov Hotell","article_modified_time":"2023-07-26T12:23:18+00:00","twitter_card":"summary_large_image","schema":{"@context":"https:\/\/schema.org","@graph":[{"@type":"WebPage","@id":"https:\/\/torekovhotell.se\/dk\/hotelpakker\/","url":"https:\/\/torekovhotell.se\/dk\/hotelpakker\/","name":"Tilbud og pakker med golf, spa, tr\u00e6ning og mad - Torekov Hotell i Sk\u00e5ne","isPartOf":{"@id":"https:\/\/torekovhotell.se\/dk\/#website"},"datePublished":"2023-07-26T09:38:38+00:00","dateModified":"2023-07-26T12:23:18+00:00","description":"Book et tilbud eller v\u00e6lg blandt vores pakker med spa, tr\u00e6ning, mad og aktiviteter. Bo p\u00e5 Torekov Hotell t\u00e6t p\u00e5 havet p\u00e5 Bj\u00e4rehalv\u00f8en i Sk\u00e5ne.","breadcrumb":{"@id":"https:\/\/torekovhotell.se\/dk\/hotelpakker\/#breadcrumb"},"inLanguage":"sv-SE","potentialAction":[{"@type":"ReadAction","target":["https:\/\/torekovhotell.se\/dk\/hotelpakker\/"]}]},{"@type":"BreadcrumbList","@id":"https:\/\/torekovhotell.se\/dk\/hotelpakker\/#breadcrumb","itemListElement":[{"@type":"ListItem","position":1,"name":"Home","item":"https:\/\/torekovhotell.se\/dk\/"},{"@type":"ListItem","position":2,"name":"Hotelpakker"}]},{"@type":"WebSite","@id":"https:\/\/torekovhotell.se\/dk\/#website","url":"https:\/\/torekovhotell.se\/dk\/","name":"Torekov Hotell","description":"","potentialAction":[{"@type":"SearchAction","target":{"@type":"EntryPoint","urlTemplate":"https:\/\/torekovhotell.se\/dk\/?s={search_term_string}"},"query-input":{"@type":"PropertyValueSpecification","valueRequired":true,"valueName":"search_term_string"}}],"inLanguage":"sv-SE"}]}},"_links":{"self":[{"href":"https:\/\/torekovhotell.se\/dk\/wp-json\/wp\/v2\/pages\/4089","targetHints":{"allow":["GET"]}}],"collection":[{"href":"https:\/\/torekovhotell.se\/dk\/wp-json\/wp\/v2\/pages"}],"about":[{"href":"https:\/\/torekovhotell.se\/dk\/wp-json\/wp\/v2\/types\/page"}],"author":[{"embeddable":true,"href":"https:\/\/torekovhotell.se\/dk\/wp-json\/wp\/v2\/users\/48"}],"replies":[{"embeddable":true,"href":"https:\/\/torekovhotell.se\/dk\/wp-json\/wp\/v2\/comments?post=4089"}],"version-history":[{"count":2,"href":"https:\/\/torekovhotell.se\/dk\/wp-json\/wp\/v2\/pages\/4089\/revisions"}],"predecessor-version":[{"id":4322,"href":"https:\/\/torekovhotell.se\/dk\/wp-json\/wp\/v2\/pages\/4089\/revisions\/4322"}],"wp:attachment":[{"href":"https:\/\/torekovhotell.se\/dk\/wp-json\/wp\/v2\/media?parent=4089"}],"curies":[{"name":"wp","href":"https:\/\/api.w.org\/{rel}","templated":true}]}}