{"id":3142,"date":"2019-09-24T14:38:57","date_gmt":"2019-09-24T12:38:57","guid":{"rendered":"https:\/\/torekovhotell.se\/dk\/?page_id=3142"},"modified":"2026-03-25T13:02:12","modified_gmt":"2026-03-25T11:02:12","slug":"vaerelser","status":"publish","type":"page","link":"https:\/\/torekovhotell.se\/dk\/vaerelser\/","title":{"rendered":"Vores v\u00e6relser"},"content":{"rendered":"","protected":false},"excerpt":{"rendered":"","protected":false},"author":25,"featured_media":0,"parent":0,"menu_order":0,"comment_status":"closed","ping_status":"closed","template":"","meta":{"_acf_changed":false,"_relevanssi_hide_post":"","_relevanssi_pin_for_all":"","_relevanssi_pin_keywords":"","_relevanssi_unpin_keywords":"","_relevanssi_related_keywords":"","_relevanssi_related_include_ids":"","_relevanssi_related_exclude_ids":"","_relevanssi_related_no_append":"","_relevanssi_related_not_related":"","_relevanssi_related_posts":"","_relevanssi_noindex_reason":"","footnotes":""},"class_list":["post-3142","page","type-page","status-publish","hentry"],"acf":[],"yoast_head":"<!-- This site is optimized with the Yoast SEO plugin v24.2 - https:\/\/yoast.com\/wordpress\/plugins\/seo\/ -->\n<title>Vores v\u00e6relser \u2013 overnatning med spa p\u00e5 Torekov Hotell i Sk\u00e5ne<\/title>\n<meta name=\"description\" content=\"Via flotte, naturn\u00e6re materialer og sk\u00f8nne detaljer har v\u00e6relserne f\u00e5et hvert deres personlige pr\u00e6g. Hvert v\u00e6relse har egen terrasse. Book online!\" \/>\n<meta name=\"robots\" content=\"index, follow, max-snippet:-1, max-image-preview:large, max-video-preview:-1\" \/>\n<link rel=\"canonical\" href=\"https:\/\/torekovhotell.se\/dk\/vaerelser\/\" \/>\n<meta property=\"og:locale\" content=\"sv_SE\" \/>\n<meta property=\"og:type\" content=\"article\" \/>\n<meta property=\"og:title\" content=\"Vores v\u00e6relser \u2013 overnatning med spa p\u00e5 Torekov Hotell i Sk\u00e5ne\" \/>\n<meta property=\"og:description\" content=\"Via flotte, naturn\u00e6re materialer og sk\u00f8nne detaljer har v\u00e6relserne f\u00e5et hvert deres personlige pr\u00e6g. Hvert v\u00e6relse har egen terrasse. Book online!\" \/>\n<meta property=\"og:url\" content=\"https:\/\/torekovhotell.se\/dk\/vaerelser\/\" \/>\n<meta property=\"og:site_name\" content=\"Torekov Hotell\" \/>\n<meta property=\"article:modified_time\" content=\"2026-03-25T11:02:12+00:00\" \/>\n<meta name=\"twitter:card\" content=\"summary_large_image\" \/>\n<script type=\"application\/ld+json\" class=\"yoast-schema-graph\">{\"@context\":\"https:\/\/schema.org\",\"@graph\":[{\"@type\":\"WebPage\",\"@id\":\"https:\/\/torekovhotell.se\/dk\/vaerelser\/\",\"url\":\"https:\/\/torekovhotell.se\/dk\/vaerelser\/\",\"name\":\"Vores v\u00e6relser \u2013 overnatning med spa p\u00e5 Torekov Hotell i Sk\u00e5ne\",\"isPartOf\":{\"@id\":\"https:\/\/torekovhotell.se\/dk\/#website\"},\"datePublished\":\"2019-09-24T12:38:57+00:00\",\"dateModified\":\"2026-03-25T11:02:12+00:00\",\"description\":\"Via flotte, naturn\u00e6re materialer og sk\u00f8nne detaljer har v\u00e6relserne f\u00e5et hvert deres personlige pr\u00e6g. Hvert v\u00e6relse har egen terrasse. Book online!\",\"breadcrumb\":{\"@id\":\"https:\/\/torekovhotell.se\/dk\/vaerelser\/#breadcrumb\"},\"inLanguage\":\"sv-SE\",\"potentialAction\":[{\"@type\":\"ReadAction\",\"target\":[\"https:\/\/torekovhotell.se\/dk\/vaerelser\/\"]}]},{\"@type\":\"BreadcrumbList\",\"@id\":\"https:\/\/torekovhotell.se\/dk\/vaerelser\/#breadcrumb\",\"itemListElement\":[{\"@type\":\"ListItem\",\"position\":1,\"name\":\"Home\",\"item\":\"https:\/\/torekovhotell.se\/dk\/\"},{\"@type\":\"ListItem\",\"position\":2,\"name\":\"Vores v\u00e6relser\"}]},{\"@type\":\"WebSite\",\"@id\":\"https:\/\/torekovhotell.se\/dk\/#website\",\"url\":\"https:\/\/torekovhotell.se\/dk\/\",\"name\":\"Torekov Hotell\",\"description\":\"\",\"potentialAction\":[{\"@type\":\"SearchAction\",\"target\":{\"@type\":\"EntryPoint\",\"urlTemplate\":\"https:\/\/torekovhotell.se\/dk\/?s={search_term_string}\"},\"query-input\":{\"@type\":\"PropertyValueSpecification\",\"valueRequired\":true,\"valueName\":\"search_term_string\"}}],\"inLanguage\":\"sv-SE\"}]}<\/script>\n<!-- \/ Yoast SEO plugin. -->","yoast_head_json":{"title":"Vores v\u00e6relser \u2013 overnatning med spa p\u00e5 Torekov Hotell i Sk\u00e5ne","description":"Via flotte, naturn\u00e6re materialer og sk\u00f8nne detaljer har v\u00e6relserne f\u00e5et hvert deres personlige pr\u00e6g. Hvert v\u00e6relse har egen terrasse. Book online!","robots":{"index":"index","follow":"follow","max-snippet":"max-snippet:-1","max-image-preview":"max-image-preview:large","max-video-preview":"max-video-preview:-1"},"canonical":"https:\/\/torekovhotell.se\/dk\/vaerelser\/","og_locale":"sv_SE","og_type":"article","og_title":"Vores v\u00e6relser \u2013 overnatning med spa p\u00e5 Torekov Hotell i Sk\u00e5ne","og_description":"Via flotte, naturn\u00e6re materialer og sk\u00f8nne detaljer har v\u00e6relserne f\u00e5et hvert deres personlige pr\u00e6g. Hvert v\u00e6relse har egen terrasse. Book online!","og_url":"https:\/\/torekovhotell.se\/dk\/vaerelser\/","og_site_name":"Torekov Hotell","article_modified_time":"2026-03-25T11:02:12+00:00","twitter_card":"summary_large_image","schema":{"@context":"https:\/\/schema.org","@graph":[{"@type":"WebPage","@id":"https:\/\/torekovhotell.se\/dk\/vaerelser\/","url":"https:\/\/torekovhotell.se\/dk\/vaerelser\/","name":"Vores v\u00e6relser \u2013 overnatning med spa p\u00e5 Torekov Hotell i Sk\u00e5ne","isPartOf":{"@id":"https:\/\/torekovhotell.se\/dk\/#website"},"datePublished":"2019-09-24T12:38:57+00:00","dateModified":"2026-03-25T11:02:12+00:00","description":"Via flotte, naturn\u00e6re materialer og sk\u00f8nne detaljer har v\u00e6relserne f\u00e5et hvert deres personlige pr\u00e6g. Hvert v\u00e6relse har egen terrasse. Book online!","breadcrumb":{"@id":"https:\/\/torekovhotell.se\/dk\/vaerelser\/#breadcrumb"},"inLanguage":"sv-SE","potentialAction":[{"@type":"ReadAction","target":["https:\/\/torekovhotell.se\/dk\/vaerelser\/"]}]},{"@type":"BreadcrumbList","@id":"https:\/\/torekovhotell.se\/dk\/vaerelser\/#breadcrumb","itemListElement":[{"@type":"ListItem","position":1,"name":"Home","item":"https:\/\/torekovhotell.se\/dk\/"},{"@type":"ListItem","position":2,"name":"Vores v\u00e6relser"}]},{"@type":"WebSite","@id":"https:\/\/torekovhotell.se\/dk\/#website","url":"https:\/\/torekovhotell.se\/dk\/","name":"Torekov Hotell","description":"","potentialAction":[{"@type":"SearchAction","target":{"@type":"EntryPoint","urlTemplate":"https:\/\/torekovhotell.se\/dk\/?s={search_term_string}"},"query-input":{"@type":"PropertyValueSpecification","valueRequired":true,"valueName":"search_term_string"}}],"inLanguage":"sv-SE"}]}},"_links":{"self":[{"href":"https:\/\/torekovhotell.se\/dk\/wp-json\/wp\/v2\/pages\/3142","targetHints":{"allow":["GET"]}}],"collection":[{"href":"https:\/\/torekovhotell.se\/dk\/wp-json\/wp\/v2\/pages"}],"about":[{"href":"https:\/\/torekovhotell.se\/dk\/wp-json\/wp\/v2\/types\/page"}],"author":[{"embeddable":true,"href":"https:\/\/torekovhotell.se\/dk\/wp-json\/wp\/v2\/users\/25"}],"replies":[{"embeddable":true,"href":"https:\/\/torekovhotell.se\/dk\/wp-json\/wp\/v2\/comments?post=3142"}],"version-history":[{"count":11,"href":"https:\/\/torekovhotell.se\/dk\/wp-json\/wp\/v2\/pages\/3142\/revisions"}],"predecessor-version":[{"id":4983,"href":"https:\/\/torekovhotell.se\/dk\/wp-json\/wp\/v2\/pages\/3142\/revisions\/4983"}],"wp:attachment":[{"href":"https:\/\/torekovhotell.se\/dk\/wp-json\/wp\/v2\/media?parent=3142"}],"curies":[{"name":"wp","href":"https:\/\/api.w.org\/{rel}","templated":true}]}}