{"id":2993,"date":"2019-05-22T17:05:26","date_gmt":"2019-05-22T15:05:26","guid":{"rendered":"https:\/\/torekovhotell.se\/dk\/?page_id=2993"},"modified":"2019-05-23T14:14:00","modified_gmt":"2019-05-23T12:14:00","slug":"events","status":"publish","type":"page","link":"https:\/\/torekovhotell.se\/dk\/oplevelser\/events\/","title":{"rendered":"Events"},"content":{"rendered":"","protected":false},"excerpt":{"rendered":"","protected":false},"author":25,"featured_media":0,"parent":200,"menu_order":100,"comment_status":"closed","ping_status":"closed","template":"","meta":{"_acf_changed":false,"_relevanssi_hide_post":"","_relevanssi_pin_for_all":"","_relevanssi_pin_keywords":"","_relevanssi_unpin_keywords":"","_relevanssi_related_keywords":"","_relevanssi_related_include_ids":"","_relevanssi_related_exclude_ids":"","_relevanssi_related_no_append":"","_relevanssi_related_not_related":"","_relevanssi_related_posts":"","_relevanssi_noindex_reason":"","footnotes":""},"class_list":["post-2993","page","type-page","status-publish","hentry"],"acf":[],"yoast_head":"<!-- This site is optimized with the Yoast SEO plugin v24.2 - https:\/\/yoast.com\/wordpress\/plugins\/seo\/ -->\n<title>Inspirerende events p\u00e5 Bj\u00e4rehalv\u00f8en \u2013 Torekov Hotell<\/title>\n<meta name=\"description\" content=\"Torekov og Bj\u00e4rehalv\u00f8ens hjerte banker for natur, mad og oplevelser. F\u00e5 inspiration gennem nogle af vores mange events \u00e5ret rundt.\" \/>\n<meta name=\"robots\" content=\"index, follow, max-snippet:-1, max-image-preview:large, max-video-preview:-1\" \/>\n<link rel=\"canonical\" href=\"https:\/\/torekovhotell.se\/dk\/oplevelser\/events\/\" \/>\n<meta property=\"og:locale\" content=\"sv_SE\" \/>\n<meta property=\"og:type\" content=\"article\" \/>\n<meta property=\"og:title\" content=\"Inspirerende events p\u00e5 Bj\u00e4rehalv\u00f8en \u2013 Torekov Hotell\" \/>\n<meta property=\"og:description\" content=\"Torekov og Bj\u00e4rehalv\u00f8ens hjerte banker for natur, mad og oplevelser. F\u00e5 inspiration gennem nogle af vores mange events \u00e5ret rundt.\" \/>\n<meta property=\"og:url\" content=\"https:\/\/torekovhotell.se\/dk\/oplevelser\/events\/\" \/>\n<meta property=\"og:site_name\" content=\"Torekov Hotell\" \/>\n<meta property=\"article:modified_time\" content=\"2019-05-23T12:14:00+00:00\" \/>\n<meta name=\"twitter:card\" content=\"summary_large_image\" \/>\n<script type=\"application\/ld+json\" class=\"yoast-schema-graph\">{\"@context\":\"https:\/\/schema.org\",\"@graph\":[{\"@type\":\"WebPage\",\"@id\":\"https:\/\/torekovhotell.se\/dk\/oplevelser\/events\/\",\"url\":\"https:\/\/torekovhotell.se\/dk\/oplevelser\/events\/\",\"name\":\"Inspirerende events p\u00e5 Bj\u00e4rehalv\u00f8en \u2013 Torekov Hotell\",\"isPartOf\":{\"@id\":\"https:\/\/torekovhotell.se\/dk\/#website\"},\"datePublished\":\"2019-05-22T15:05:26+00:00\",\"dateModified\":\"2019-05-23T12:14:00+00:00\",\"description\":\"Torekov og Bj\u00e4rehalv\u00f8ens hjerte banker for natur, mad og oplevelser. F\u00e5 inspiration gennem nogle af vores mange events \u00e5ret rundt.\",\"breadcrumb\":{\"@id\":\"https:\/\/torekovhotell.se\/dk\/oplevelser\/events\/#breadcrumb\"},\"inLanguage\":\"sv-SE\",\"potentialAction\":[{\"@type\":\"ReadAction\",\"target\":[\"https:\/\/torekovhotell.se\/dk\/oplevelser\/events\/\"]}]},{\"@type\":\"BreadcrumbList\",\"@id\":\"https:\/\/torekovhotell.se\/dk\/oplevelser\/events\/#breadcrumb\",\"itemListElement\":[{\"@type\":\"ListItem\",\"position\":1,\"name\":\"Home\",\"item\":\"https:\/\/torekovhotell.se\/dk\/\"},{\"@type\":\"ListItem\",\"position\":2,\"name\":\"Oplevelser\",\"item\":\"https:\/\/torekovhotell.se\/dk\/oplevelser\/\"},{\"@type\":\"ListItem\",\"position\":3,\"name\":\"Events\"}]},{\"@type\":\"WebSite\",\"@id\":\"https:\/\/torekovhotell.se\/dk\/#website\",\"url\":\"https:\/\/torekovhotell.se\/dk\/\",\"name\":\"Torekov Hotell\",\"description\":\"\",\"potentialAction\":[{\"@type\":\"SearchAction\",\"target\":{\"@type\":\"EntryPoint\",\"urlTemplate\":\"https:\/\/torekovhotell.se\/dk\/?s={search_term_string}\"},\"query-input\":{\"@type\":\"PropertyValueSpecification\",\"valueRequired\":true,\"valueName\":\"search_term_string\"}}],\"inLanguage\":\"sv-SE\"}]}<\/script>\n<!-- \/ Yoast SEO plugin. -->","yoast_head_json":{"title":"Inspirerende events p\u00e5 Bj\u00e4rehalv\u00f8en \u2013 Torekov Hotell","description":"Torekov og Bj\u00e4rehalv\u00f8ens hjerte banker for natur, mad og oplevelser. F\u00e5 inspiration gennem nogle af vores mange events \u00e5ret rundt.","robots":{"index":"index","follow":"follow","max-snippet":"max-snippet:-1","max-image-preview":"max-image-preview:large","max-video-preview":"max-video-preview:-1"},"canonical":"https:\/\/torekovhotell.se\/dk\/oplevelser\/events\/","og_locale":"sv_SE","og_type":"article","og_title":"Inspirerende events p\u00e5 Bj\u00e4rehalv\u00f8en \u2013 Torekov Hotell","og_description":"Torekov og Bj\u00e4rehalv\u00f8ens hjerte banker for natur, mad og oplevelser. F\u00e5 inspiration gennem nogle af vores mange events \u00e5ret rundt.","og_url":"https:\/\/torekovhotell.se\/dk\/oplevelser\/events\/","og_site_name":"Torekov Hotell","article_modified_time":"2019-05-23T12:14:00+00:00","twitter_card":"summary_large_image","schema":{"@context":"https:\/\/schema.org","@graph":[{"@type":"WebPage","@id":"https:\/\/torekovhotell.se\/dk\/oplevelser\/events\/","url":"https:\/\/torekovhotell.se\/dk\/oplevelser\/events\/","name":"Inspirerende events p\u00e5 Bj\u00e4rehalv\u00f8en \u2013 Torekov Hotell","isPartOf":{"@id":"https:\/\/torekovhotell.se\/dk\/#website"},"datePublished":"2019-05-22T15:05:26+00:00","dateModified":"2019-05-23T12:14:00+00:00","description":"Torekov og Bj\u00e4rehalv\u00f8ens hjerte banker for natur, mad og oplevelser. F\u00e5 inspiration gennem nogle af vores mange events \u00e5ret rundt.","breadcrumb":{"@id":"https:\/\/torekovhotell.se\/dk\/oplevelser\/events\/#breadcrumb"},"inLanguage":"sv-SE","potentialAction":[{"@type":"ReadAction","target":["https:\/\/torekovhotell.se\/dk\/oplevelser\/events\/"]}]},{"@type":"BreadcrumbList","@id":"https:\/\/torekovhotell.se\/dk\/oplevelser\/events\/#breadcrumb","itemListElement":[{"@type":"ListItem","position":1,"name":"Home","item":"https:\/\/torekovhotell.se\/dk\/"},{"@type":"ListItem","position":2,"name":"Oplevelser","item":"https:\/\/torekovhotell.se\/dk\/oplevelser\/"},{"@type":"ListItem","position":3,"name":"Events"}]},{"@type":"WebSite","@id":"https:\/\/torekovhotell.se\/dk\/#website","url":"https:\/\/torekovhotell.se\/dk\/","name":"Torekov Hotell","description":"","potentialAction":[{"@type":"SearchAction","target":{"@type":"EntryPoint","urlTemplate":"https:\/\/torekovhotell.se\/dk\/?s={search_term_string}"},"query-input":{"@type":"PropertyValueSpecification","valueRequired":true,"valueName":"search_term_string"}}],"inLanguage":"sv-SE"}]}},"_links":{"self":[{"href":"https:\/\/torekovhotell.se\/dk\/wp-json\/wp\/v2\/pages\/2993","targetHints":{"allow":["GET"]}}],"collection":[{"href":"https:\/\/torekovhotell.se\/dk\/wp-json\/wp\/v2\/pages"}],"about":[{"href":"https:\/\/torekovhotell.se\/dk\/wp-json\/wp\/v2\/types\/page"}],"author":[{"embeddable":true,"href":"https:\/\/torekovhotell.se\/dk\/wp-json\/wp\/v2\/users\/25"}],"replies":[{"embeddable":true,"href":"https:\/\/torekovhotell.se\/dk\/wp-json\/wp\/v2\/comments?post=2993"}],"version-history":[{"count":10,"href":"https:\/\/torekovhotell.se\/dk\/wp-json\/wp\/v2\/pages\/2993\/revisions"}],"predecessor-version":[{"id":3015,"href":"https:\/\/torekovhotell.se\/dk\/wp-json\/wp\/v2\/pages\/2993\/revisions\/3015"}],"up":[{"embeddable":true,"href":"https:\/\/torekovhotell.se\/dk\/wp-json\/wp\/v2\/pages\/200"}],"wp:attachment":[{"href":"https:\/\/torekovhotell.se\/dk\/wp-json\/wp\/v2\/media?parent=2993"}],"curies":[{"name":"wp","href":"https:\/\/api.w.org\/{rel}","templated":true}]}}