{"id":1158,"date":"2017-11-26T23:09:21","date_gmt":"2017-11-26T21:09:21","guid":{"rendered":"https:\/\/hotelrivierastrand.se\/torekov\/?page_id=1158"},"modified":"2022-10-14T09:44:47","modified_gmt":"2022-10-14T07:44:47","slug":"udflugter","status":"publish","type":"page","link":"https:\/\/torekovhotell.se\/dk\/oplevelser\/udflugter\/","title":{"rendered":"Udflugter"},"content":{"rendered":"","protected":false},"excerpt":{"rendered":"","protected":false},"author":7,"featured_media":0,"parent":200,"menu_order":2,"comment_status":"closed","ping_status":"closed","template":"","meta":{"_acf_changed":false,"_relevanssi_hide_post":"","_relevanssi_pin_for_all":"","_relevanssi_pin_keywords":"","_relevanssi_unpin_keywords":"","_relevanssi_related_keywords":"","_relevanssi_related_include_ids":"","_relevanssi_related_exclude_ids":"","_relevanssi_related_no_append":"","_relevanssi_related_not_related":"","_relevanssi_related_posts":"","_relevanssi_noindex_reason":"","footnotes":""},"class_list":["post-1158","page","type-page","status-publish","hentry"],"acf":[],"yoast_head":"<!-- This site is optimized with the Yoast SEO plugin v24.2 - https:\/\/yoast.com\/wordpress\/plugins\/seo\/ -->\n<title>Udflugter og sev\u00e6rdigheder p\u00e5 Bj\u00e4rehalv\u00f8en \u2013 Torekov Hotell<\/title>\n<meta name=\"description\" content=\"Fra Torekov er der ikke langt til Bj\u00e4rehalv\u00f8ens sev\u00e6rdigheder og udflugtsm\u00e5l. Bygden er rig p\u00e5 historie, kultur og natur. Her kommer vores favoritter.\" \/>\n<meta name=\"robots\" content=\"index, follow, max-snippet:-1, max-image-preview:large, max-video-preview:-1\" \/>\n<link rel=\"canonical\" href=\"https:\/\/torekovhotell.se\/dk\/oplevelser\/udflugter\/\" \/>\n<meta property=\"og:locale\" content=\"sv_SE\" \/>\n<meta property=\"og:type\" content=\"article\" \/>\n<meta property=\"og:title\" content=\"Udflugter og sev\u00e6rdigheder p\u00e5 Bj\u00e4rehalv\u00f8en \u2013 Torekov Hotell\" \/>\n<meta property=\"og:description\" content=\"Fra Torekov er der ikke langt til Bj\u00e4rehalv\u00f8ens sev\u00e6rdigheder og udflugtsm\u00e5l. Bygden er rig p\u00e5 historie, kultur og natur. Her kommer vores favoritter.\" \/>\n<meta property=\"og:url\" content=\"https:\/\/torekovhotell.se\/dk\/oplevelser\/udflugter\/\" \/>\n<meta property=\"og:site_name\" content=\"Torekov Hotell\" \/>\n<meta property=\"article:modified_time\" content=\"2022-10-14T07:44:47+00:00\" \/>\n<meta name=\"twitter:card\" content=\"summary_large_image\" \/>\n<script type=\"application\/ld+json\" class=\"yoast-schema-graph\">{\"@context\":\"https:\/\/schema.org\",\"@graph\":[{\"@type\":\"WebPage\",\"@id\":\"https:\/\/torekovhotell.se\/dk\/oplevelser\/udflugter\/\",\"url\":\"https:\/\/torekovhotell.se\/dk\/oplevelser\/udflugter\/\",\"name\":\"Udflugter og sev\u00e6rdigheder p\u00e5 Bj\u00e4rehalv\u00f8en \u2013 Torekov Hotell\",\"isPartOf\":{\"@id\":\"https:\/\/torekovhotell.se\/dk\/#website\"},\"datePublished\":\"2017-11-26T21:09:21+00:00\",\"dateModified\":\"2022-10-14T07:44:47+00:00\",\"description\":\"Fra Torekov er der ikke langt til Bj\u00e4rehalv\u00f8ens sev\u00e6rdigheder og udflugtsm\u00e5l. Bygden er rig p\u00e5 historie, kultur og natur. Her kommer vores favoritter.\",\"breadcrumb\":{\"@id\":\"https:\/\/torekovhotell.se\/dk\/oplevelser\/udflugter\/#breadcrumb\"},\"inLanguage\":\"sv-SE\",\"potentialAction\":[{\"@type\":\"ReadAction\",\"target\":[\"https:\/\/torekovhotell.se\/dk\/oplevelser\/udflugter\/\"]}]},{\"@type\":\"BreadcrumbList\",\"@id\":\"https:\/\/torekovhotell.se\/dk\/oplevelser\/udflugter\/#breadcrumb\",\"itemListElement\":[{\"@type\":\"ListItem\",\"position\":1,\"name\":\"Home\",\"item\":\"https:\/\/torekovhotell.se\/dk\/\"},{\"@type\":\"ListItem\",\"position\":2,\"name\":\"Oplevelser\",\"item\":\"https:\/\/torekovhotell.se\/dk\/oplevelser\/\"},{\"@type\":\"ListItem\",\"position\":3,\"name\":\"Udflugter\"}]},{\"@type\":\"WebSite\",\"@id\":\"https:\/\/torekovhotell.se\/dk\/#website\",\"url\":\"https:\/\/torekovhotell.se\/dk\/\",\"name\":\"Torekov Hotell\",\"description\":\"\",\"potentialAction\":[{\"@type\":\"SearchAction\",\"target\":{\"@type\":\"EntryPoint\",\"urlTemplate\":\"https:\/\/torekovhotell.se\/dk\/?s={search_term_string}\"},\"query-input\":{\"@type\":\"PropertyValueSpecification\",\"valueRequired\":true,\"valueName\":\"search_term_string\"}}],\"inLanguage\":\"sv-SE\"}]}<\/script>\n<!-- \/ Yoast SEO plugin. -->","yoast_head_json":{"title":"Udflugter og sev\u00e6rdigheder p\u00e5 Bj\u00e4rehalv\u00f8en \u2013 Torekov Hotell","description":"Fra Torekov er der ikke langt til Bj\u00e4rehalv\u00f8ens sev\u00e6rdigheder og udflugtsm\u00e5l. Bygden er rig p\u00e5 historie, kultur og natur. Her kommer vores favoritter.","robots":{"index":"index","follow":"follow","max-snippet":"max-snippet:-1","max-image-preview":"max-image-preview:large","max-video-preview":"max-video-preview:-1"},"canonical":"https:\/\/torekovhotell.se\/dk\/oplevelser\/udflugter\/","og_locale":"sv_SE","og_type":"article","og_title":"Udflugter og sev\u00e6rdigheder p\u00e5 Bj\u00e4rehalv\u00f8en \u2013 Torekov Hotell","og_description":"Fra Torekov er der ikke langt til Bj\u00e4rehalv\u00f8ens sev\u00e6rdigheder og udflugtsm\u00e5l. Bygden er rig p\u00e5 historie, kultur og natur. Her kommer vores favoritter.","og_url":"https:\/\/torekovhotell.se\/dk\/oplevelser\/udflugter\/","og_site_name":"Torekov Hotell","article_modified_time":"2022-10-14T07:44:47+00:00","twitter_card":"summary_large_image","schema":{"@context":"https:\/\/schema.org","@graph":[{"@type":"WebPage","@id":"https:\/\/torekovhotell.se\/dk\/oplevelser\/udflugter\/","url":"https:\/\/torekovhotell.se\/dk\/oplevelser\/udflugter\/","name":"Udflugter og sev\u00e6rdigheder p\u00e5 Bj\u00e4rehalv\u00f8en \u2013 Torekov Hotell","isPartOf":{"@id":"https:\/\/torekovhotell.se\/dk\/#website"},"datePublished":"2017-11-26T21:09:21+00:00","dateModified":"2022-10-14T07:44:47+00:00","description":"Fra Torekov er der ikke langt til Bj\u00e4rehalv\u00f8ens sev\u00e6rdigheder og udflugtsm\u00e5l. Bygden er rig p\u00e5 historie, kultur og natur. Her kommer vores favoritter.","breadcrumb":{"@id":"https:\/\/torekovhotell.se\/dk\/oplevelser\/udflugter\/#breadcrumb"},"inLanguage":"sv-SE","potentialAction":[{"@type":"ReadAction","target":["https:\/\/torekovhotell.se\/dk\/oplevelser\/udflugter\/"]}]},{"@type":"BreadcrumbList","@id":"https:\/\/torekovhotell.se\/dk\/oplevelser\/udflugter\/#breadcrumb","itemListElement":[{"@type":"ListItem","position":1,"name":"Home","item":"https:\/\/torekovhotell.se\/dk\/"},{"@type":"ListItem","position":2,"name":"Oplevelser","item":"https:\/\/torekovhotell.se\/dk\/oplevelser\/"},{"@type":"ListItem","position":3,"name":"Udflugter"}]},{"@type":"WebSite","@id":"https:\/\/torekovhotell.se\/dk\/#website","url":"https:\/\/torekovhotell.se\/dk\/","name":"Torekov Hotell","description":"","potentialAction":[{"@type":"SearchAction","target":{"@type":"EntryPoint","urlTemplate":"https:\/\/torekovhotell.se\/dk\/?s={search_term_string}"},"query-input":{"@type":"PropertyValueSpecification","valueRequired":true,"valueName":"search_term_string"}}],"inLanguage":"sv-SE"}]}},"_links":{"self":[{"href":"https:\/\/torekovhotell.se\/dk\/wp-json\/wp\/v2\/pages\/1158","targetHints":{"allow":["GET"]}}],"collection":[{"href":"https:\/\/torekovhotell.se\/dk\/wp-json\/wp\/v2\/pages"}],"about":[{"href":"https:\/\/torekovhotell.se\/dk\/wp-json\/wp\/v2\/types\/page"}],"author":[{"embeddable":true,"href":"https:\/\/torekovhotell.se\/dk\/wp-json\/wp\/v2\/users\/7"}],"replies":[{"embeddable":true,"href":"https:\/\/torekovhotell.se\/dk\/wp-json\/wp\/v2\/comments?post=1158"}],"version-history":[{"count":11,"href":"https:\/\/torekovhotell.se\/dk\/wp-json\/wp\/v2\/pages\/1158\/revisions"}],"predecessor-version":[{"id":4048,"href":"https:\/\/torekovhotell.se\/dk\/wp-json\/wp\/v2\/pages\/1158\/revisions\/4048"}],"up":[{"embeddable":true,"href":"https:\/\/torekovhotell.se\/dk\/wp-json\/wp\/v2\/pages\/200"}],"wp:attachment":[{"href":"https:\/\/torekovhotell.se\/dk\/wp-json\/wp\/v2\/media?parent=1158"}],"curies":[{"name":"wp","href":"https:\/\/api.w.org\/{rel}","templated":true}]}}